{"id":36,"date":"2015-12-11T14:29:37","date_gmt":"2015-12-11T14:29:37","guid":{"rendered":"http:\/\/127.0.0.1\/wp2\/?page_id=36"},"modified":"2018-01-29T21:38:43","modified_gmt":"2018-01-29T21:38:43","slug":"blues-jazz-quintet","status":"publish","type":"page","link":"https:\/\/annamontan.com\/en\/bands-bio\/blues-jazz-quintet\/","title":{"rendered":"Anna Montan Jazz 4-tet"},"content":{"rendered":"<p><strong>Jazz 4-tet in 2017-2018:<img loading=\"lazy\" decoding=\"async\" class=\"alignright size-medium wp-image-3456\" src=\"http:\/\/annamontan.com\/wp-content\/uploads\/2017\/07\/IMG-20170707-WA0001-Jaap-300x169.jpg\" alt=\"\" width=\"300\" height=\"169\" srcset=\"https:\/\/annamontan.com\/wp-content\/uploads\/2017\/07\/IMG-20170707-WA0001-Jaap-300x169.jpg 300w, https:\/\/annamontan.com\/wp-content\/uploads\/2017\/07\/IMG-20170707-WA0001-Jaap-768x432.jpg 768w, https:\/\/annamontan.com\/wp-content\/uploads\/2017\/07\/IMG-20170707-WA0001-Jaap-1024x576.jpg 1024w, https:\/\/annamontan.com\/wp-content\/uploads\/2017\/07\/IMG-20170707-WA0001-Jaap.jpg 1600w\" sizes=\"auto, (max-width: 300px) 100vw, 300px\" \/><\/strong><br \/>\n<strong>Anna Montan vocal<br \/>\nZane Massey sax\/flute<\/strong><br \/>\n<strong>Patrick Lauwerends bass<br \/>\nWalther Muringen drums<\/strong><strong><br \/>\n<\/strong>video <a href=\"https:\/\/www.youtube.com\/watch?list=PLc-eEDFZBPRWvMQm5ctLNj-OSzXfujPry&amp;v=bTXt0l_VGlE\">Jazz 4-tet, with a Keroncong touch<\/a><\/p>\n<p>A warm, powerful voice and appearance.<br \/>\nThe repertoire contains originals en standards, all arranged. The arrangements leave room for improvisation, unexpected twists and lots of dynamics.<\/p>\n<p>&#8220;The arrangements offer space to all our instruments, including mine. Surely I am quite present on stage. But I also like my fellow musicians\u00a0to feel the opportunity to express themselves <a href=\"https:\/\/www.youtube.com\/watch?list=PLc-eEDFZBPRWvMQm5ctLNj-OSzXfujPry&amp;v=bTXt0l_VGlE\"><img loading=\"lazy\" decoding=\"async\" class=\"size-medium wp-image-2539 alignright\" src=\"http:\/\/annamontan.com\/wp-content\/uploads\/2015\/12\/IMG_0933-a-web-300x194.jpg\" alt=\"\" width=\"300\" height=\"194\" srcset=\"https:\/\/annamontan.com\/wp-content\/uploads\/2015\/12\/IMG_0933-a-web-300x194.jpg 300w, https:\/\/annamontan.com\/wp-content\/uploads\/2015\/12\/IMG_0933-a-web-768x496.jpg 768w, https:\/\/annamontan.com\/wp-content\/uploads\/2015\/12\/IMG_0933-a-web-1024x661.jpg 1024w\" sizes=\"auto, (max-width: 300px) 100vw, 300px\" \/><\/a>in abundance.&#8221;<br \/>\n&#8220;Sometimes I&#8217;ve opened the arrangements to fit in a part of an original of my own. Just in the middle for example, and then return into the<br \/>\nsong. In You\u2019ld Be So Nice I&#8217;m doing this only with the bass.&#8221;<\/p>\n<p><strong>Jazz 6-tet, 2016<\/strong><br \/>\nAnna Montan vocal, Jacco Griekspoor vibes<br \/>\nZane Massey saxophone\/flute, Michael Simon trumpet\/fl\u00fcgelhorn<br \/>\nPatrick Lauwerends double bass, Wytze van der Zweep drums<\/p>\n<p>At the moment she is preparing their<img loading=\"lazy\" decoding=\"async\" class=\"size-medium wp-image-2536 alignright\" src=\"http:\/\/annamontan.com\/wp-content\/uploads\/2015\/12\/IMG_0988-aa-300x146.jpg\" alt=\"IMG_0988--aa\" width=\"300\" height=\"146\" srcset=\"https:\/\/annamontan.com\/wp-content\/uploads\/2015\/12\/IMG_0988-aa-300x146.jpg 300w, https:\/\/annamontan.com\/wp-content\/uploads\/2015\/12\/IMG_0988-aa-768x373.jpg 768w, https:\/\/annamontan.com\/wp-content\/uploads\/2015\/12\/IMG_0988-aa-1024x497.jpg 1024w\" sizes=\"auto, (max-width: 300px) 100vw, 300px\" \/> <strong>Jazz CD<\/strong>: recent plus former recordings performed by several musicians like Zane Massey, Franklin Caesar, Jan Dum\u00e9e, Dani\u00ebl Lehmann, Pieter van Santen, Ren\u00e9 ten Cate, Arie Verhaar, Wytze van der Zweep en Patrick Lauwerends.<\/p>","protected":false},"excerpt":{"rendered":"<p>Jazz 4-tet in 2017-2018: Anna Montan vocal Zane Massey sax\/flute Patrick Lauwerends bass Walther Muringen drums video Jazz 4-tet, with a Keroncong touch A warm, powerful voice and appearance. The repertoire contains originals en standards, all arranged. The arrangements leave room for improvisation, unexpected twists and lots of dynamics. &#8220;The arrangements offer space to all [&hellip;]<\/p>\n","protected":false},"author":2,"featured_media":0,"parent":12,"menu_order":2,"comment_status":"closed","ping_status":"closed","template":"","meta":{"_acf_changed":false,"footnotes":""},"class_list":["post-36","page","type-page","status-publish","hentry"],"acf":[],"_links":{"self":[{"href":"https:\/\/annamontan.com\/en\/wp-json\/wp\/v2\/pages\/36","targetHints":{"allow":["GET"]}}],"collection":[{"href":"https:\/\/annamontan.com\/en\/wp-json\/wp\/v2\/pages"}],"about":[{"href":"https:\/\/annamontan.com\/en\/wp-json\/wp\/v2\/types\/page"}],"author":[{"embeddable":true,"href":"https:\/\/annamontan.com\/en\/wp-json\/wp\/v2\/users\/2"}],"replies":[{"embeddable":true,"href":"https:\/\/annamontan.com\/en\/wp-json\/wp\/v2\/comments?post=36"}],"version-history":[{"count":81,"href":"https:\/\/annamontan.com\/en\/wp-json\/wp\/v2\/pages\/36\/revisions"}],"predecessor-version":[{"id":3526,"href":"https:\/\/annamontan.com\/en\/wp-json\/wp\/v2\/pages\/36\/revisions\/3526"}],"up":[{"embeddable":true,"href":"https:\/\/annamontan.com\/en\/wp-json\/wp\/v2\/pages\/12"}],"wp:attachment":[{"href":"https:\/\/annamontan.com\/en\/wp-json\/wp\/v2\/media?parent=36"}],"curies":[{"name":"wp","href":"https:\/\/api.w.org\/{rel}","templated":true}]}}